{"id":24205,"date":"2019-11-07T11:17:57","date_gmt":"2019-11-07T11:17:57","guid":{"rendered":"https:\/\/lifeolearegenera.com\/documentos-2\/"},"modified":"2023-04-30T09:00:48","modified_gmt":"2023-04-30T09:00:48","slug":"documentos-2","status":"publish","type":"page","link":"https:\/\/lifeolearegenera.com\/pt-pt\/documentos-2\/","title":{"rendered":"Documentos e resultados"},"content":{"rendered":"<p><a href=\"https:\/\/lifeolearegenera.com\/wp-content\/uploads\/2022\/12\/AAFF_-WEB-Folleto-Portugues-Life-Olea-Regenera.pdf\">FOLHETO INICIAL-PT<\/a><\/p>\n<p><a href=\"https:\/\/lifeolearegenera.com\/wp-content\/uploads\/2023\/04\/Folleto-Life-Olea-Regenera-PT-disclaimer.pdf\">FOLHETO FINAL- PT<\/a><\/p>\n<p><a href=\"https:\/\/lifeolearegenera.com\/wp-content\/uploads\/2022\/12\/Poster-LIFE-OLEA-REGENERA.pdf\">P\u00d4STER CIENT\u00cdFICO<\/a><\/p>\n<p><a href=\"https:\/\/lifeolearegenera.com\/wp-content\/uploads\/2023\/04\/Articulo-revista-Phytoma.pdf\">ARTIGO DA REVISTA PHYTOMA<\/a><\/p>\n<p><a href=\"https:\/\/lifeolearegenera.com\/wp-content\/uploads\/2023\/04\/Articulo-cientifico-1.pdf\">ARTIGO CIENT\u00cdFICO<\/a><\/p>\n<p><a href=\"https:\/\/lifeolearegenera.com\/wp-content\/uploads\/2023\/04\/RELATORIO-LAYMAN-PT.pdf\">RELAT\u00d3RIO LAYMAN- PT<\/a><\/p>\n<p><a href=\"https:\/\/lifeolearegenera.com\/wp-content\/uploads\/2023\/04\/D30-AFTER-LIFE-PT.pdf\">AFTER LIFE- PT<\/a><\/p>\n<p><a href=\"https:\/\/lifeolearegenera.com\/wp-content\/uploads\/2023\/04\/D34-Estudio-socioeconomico.pdf\">ESTUDO SOCIOECON\u00d4MICO<\/a><\/p>\n","protected":false},"excerpt":{"rendered":"<p>FOLHETO INICIAL-PT FOLHETO FINAL- PT P\u00d4STER CIENT\u00cdFICO ARTIGO DA REVISTA PHYTOMA ARTIGO CIENT\u00cdFICO RELAT\u00d3RIO LAYMAN- PT AFTER LIFE- PT ESTUDO &hellip; <a href=\"https:\/\/lifeolearegenera.com\/pt-pt\/documentos-2\/\" class=\"more-link\">Continue reading <span class=\"screen-reader-text\">Documentos e resultados<\/span><\/a><\/p>\n","protected":false},"author":2,"featured_media":0,"parent":0,"menu_order":0,"comment_status":"closed","ping_status":"closed","template":"","meta":{"_acf_changed":false,"inline_featured_image":false,"footnotes":""},"class_list":["post-24205","page","type-page","status-publish","hentry"],"acf":[],"_links":{"self":[{"href":"https:\/\/lifeolearegenera.com\/pt-pt\/wp-json\/wp\/v2\/pages\/24205","targetHints":{"allow":["GET"]}}],"collection":[{"href":"https:\/\/lifeolearegenera.com\/pt-pt\/wp-json\/wp\/v2\/pages"}],"about":[{"href":"https:\/\/lifeolearegenera.com\/pt-pt\/wp-json\/wp\/v2\/types\/page"}],"author":[{"embeddable":true,"href":"https:\/\/lifeolearegenera.com\/pt-pt\/wp-json\/wp\/v2\/users\/2"}],"replies":[{"embeddable":true,"href":"https:\/\/lifeolearegenera.com\/pt-pt\/wp-json\/wp\/v2\/comments?post=24205"}],"version-history":[{"count":11,"href":"https:\/\/lifeolearegenera.com\/pt-pt\/wp-json\/wp\/v2\/pages\/24205\/revisions"}],"predecessor-version":[{"id":24341,"href":"https:\/\/lifeolearegenera.com\/pt-pt\/wp-json\/wp\/v2\/pages\/24205\/revisions\/24341"}],"wp:attachment":[{"href":"https:\/\/lifeolearegenera.com\/pt-pt\/wp-json\/wp\/v2\/media?parent=24205"}],"curies":[{"name":"wp","href":"https:\/\/api.w.org\/{rel}","templated":true}]}}