{"id":1444,"date":"2018-06-05T07:55:38","date_gmt":"2018-06-05T07:55:38","guid":{"rendered":"https:\/\/lifeolearegenera.com\/objetivos\/"},"modified":"2019-03-13T08:11:03","modified_gmt":"2019-03-13T08:11:03","slug":"objetivos","status":"publish","type":"page","link":"https:\/\/lifeolearegenera.com\/pt-pt\/objetivos\/","title":{"rendered":"Objetivos do projeto"},"content":{"rendered":"<h2>OBJETIVO PRINCIPAL<\/h2>\n<h3>AVALIA\u00c7\u00c3O DO RES\u00cdDUO GERADO NO PROCESSO DE EXTRAC\u00c7\u00c3O DO AZEITE:<\/h3>\n<p>O objetivo principal do projeto \u00e9 conseguir valorizar o res\u00edduo procedente da extra\u00e7\u00e3o do azeite, dando-lhe valor ao converter-se em mat\u00e9ria prima de outros produtos biol\u00f3gicos e reduzindo a desconfian\u00e7a que provoca este res\u00edduo na sociedade devido ao seu alto poder contaminante.<\/p>\n","protected":false},"excerpt":{"rendered":"<p>OBJETIVO PRINCIPAL AVALIA\u00c7\u00c3O DO RES\u00cdDUO GERADO NO PROCESSO DE EXTRAC\u00c7\u00c3O DO AZEITE: O objetivo principal do projeto \u00e9 conseguir valorizar &hellip; <a href=\"https:\/\/lifeolearegenera.com\/pt-pt\/objetivos\/\" class=\"more-link\">Continue reading <span class=\"screen-reader-text\">Objetivos do projeto<\/span><\/a><\/p>\n","protected":false},"author":1,"featured_media":1202,"parent":0,"menu_order":0,"comment_status":"closed","ping_status":"closed","template":"","meta":{"_acf_changed":false,"inline_featured_image":false,"footnotes":""},"class_list":["post-1444","page","type-page","status-publish","has-post-thumbnail","hentry"],"acf":[],"_links":{"self":[{"href":"https:\/\/lifeolearegenera.com\/pt-pt\/wp-json\/wp\/v2\/pages\/1444","targetHints":{"allow":["GET"]}}],"collection":[{"href":"https:\/\/lifeolearegenera.com\/pt-pt\/wp-json\/wp\/v2\/pages"}],"about":[{"href":"https:\/\/lifeolearegenera.com\/pt-pt\/wp-json\/wp\/v2\/types\/page"}],"author":[{"embeddable":true,"href":"https:\/\/lifeolearegenera.com\/pt-pt\/wp-json\/wp\/v2\/users\/1"}],"replies":[{"embeddable":true,"href":"https:\/\/lifeolearegenera.com\/pt-pt\/wp-json\/wp\/v2\/comments?post=1444"}],"version-history":[{"count":3,"href":"https:\/\/lifeolearegenera.com\/pt-pt\/wp-json\/wp\/v2\/pages\/1444\/revisions"}],"predecessor-version":[{"id":1581,"href":"https:\/\/lifeolearegenera.com\/pt-pt\/wp-json\/wp\/v2\/pages\/1444\/revisions\/1581"}],"wp:featuredmedia":[{"embeddable":true,"href":"https:\/\/lifeolearegenera.com\/pt-pt\/wp-json\/wp\/v2\/media\/1202"}],"wp:attachment":[{"href":"https:\/\/lifeolearegenera.com\/pt-pt\/wp-json\/wp\/v2\/media?parent=1444"}],"curies":[{"name":"wp","href":"https:\/\/api.w.org\/{rel}","templated":true}]}}