{"id":1439,"date":"2018-06-08T11:07:28","date_gmt":"2018-06-08T11:07:28","guid":{"rendered":"https:\/\/lifeolearegenera.com\/aviso-legal\/"},"modified":"2019-04-01T06:17:21","modified_gmt":"2019-04-01T06:17:21","slug":"aviso-legal","status":"publish","type":"page","link":"https:\/\/lifeolearegenera.com\/pt-pt\/aviso-legal\/","title":{"rendered":"Aviso legal"},"content":{"rendered":"<p>Em conformidade com o artigo 10 da Lei 34\/2002, de 11 de julho, de Servi\u00e7os da sociedade de informa\u00e7\u00e3o e comercio eletr\u00f3nico (LSSI) a continua\u00e7\u00e3o detalham-se os dados identificativos da empresa coordenadora do projeto Life Olea Regenera:<\/p>\n<p><strong>Nome da empresa: Fertilizantes y Nutrientes Ecol\u00f3gicos, S.L.<\/strong><\/p>\n<p><strong>Raz\u00e3o social: Fertilizantes y Nutrientes Ecol\u00f3gicos, S.L.<\/strong><\/p>\n<p><strong>NIF: B73870032<\/strong><\/p>\n<p><strong>Dire\u00e7\u00e3o: Rio Duero, Nave 11, Pol\u00edgono Industrial El Saladar \u2013 30564 \u2013 Lorqu\u00ed \u2013 Murcia<\/strong><\/p>\n<p><strong>Telefone: 968 676 324<\/strong><\/p>\n<p><strong>Email: info@fyneco.es<\/strong><\/p>\n<p>&nbsp;<\/p>\n<h4>FINALIDADE DA P\u00c1GINA WEB<\/h4>\n<p>A finalidade da nossa web \u00e9 dar a conhecer o projeto <em>LIFE Olea Regenera<\/em>, assim como estabelecer um canal de comunica\u00e7\u00e3o entre os usu\u00e1rios que desejam colocara-se em contacto connosco.<\/p>\n<p>&nbsp;<\/p>\n<h4>LEGISLA\u00c7\u00c3O<\/h4>\n<p>Com car\u00e1cter geral as rela\u00e7\u00f5es entre B73870032 (Fertilizantes y Nutrientes Ecol\u00f3gicos, S.L.) com os Usu\u00e1rios dos seus servi\u00e7os telem\u00e1ticos, presentes neste web site, encontram-se submetidas a legisla\u00e7\u00e3o e jurisdi\u00e7\u00e3o espanholas.<\/p>\n<p>&nbsp;<\/p>\n<h4>USO E ACESSO DE USU\u00c1RIOS<\/h4>\n<p>O Usu\u00e1rio fica informado, e aceita, que o acesso \u00e0 presente web n\u00e3o sup\u00f5e, em modo algum, o in\u00edcio de uma rela\u00e7\u00e3o comercial com Fertilizantes y Nutrientes Ecol\u00f3gicos, S.L ou quaisquer das suas delega\u00e7\u00f5es.<\/p>\n<p>&nbsp;<\/p>\n<h4>PROPRIEDADE INTELETUAL E INDUSTRIAL<\/h4>\n<p>Os direitos de propriedade intelectual do conte\u00fado das p\u00e1ginas web, o seu desenho gr\u00e1fico e c\u00f3digos s\u00e3o titularidade de Fertilizantes y Nutrientes Ecol\u00f3gicos, S.L \u00a0e, por tanto, fica proibida a sua reprodu\u00e7\u00e3o, distribui\u00e7\u00e3o, comunica\u00e7\u00e3o p\u00fablica, transforma\u00e7\u00e3o ou qualquer outra atividade que se pode realizar com os conte\u00fados das suas p\u00e1ginas web nem ainda citando as fontes, salvo consentimento por escrito de Fertilizantes e Nutrientes Ecol\u00f3gicos, S.L.<\/p>\n<p>&nbsp;<\/p>\n<h4>CONTEUDO DA WEB E LINKS<\/h4>\n<p>Fertilizantes e Nutrientes Ecol\u00f3gicos, S.L. reserva-se o direito a atualizar, modificar ou eliminar a informa\u00e7\u00e3o contida nas suas p\u00e1ginas web podendo incluso limitar ou n\u00e3o permitir o acesso a dita informa\u00e7\u00e3o a certos usu\u00e1rios.<\/p>\n<p>Fertilizantes e Nutrientes Ecol\u00f3gicos, S.L. n\u00e3o assume a responsabilidade por a informa\u00e7\u00e3o contida nas p\u00e1ginas web de terceiros que possam aceder por \u201clinks\u201d ou liga\u00e7\u00f5es desde qualquer p\u00e1gina web propriedade de Fertilizantes y Nutrientes Ecol\u00f3gicos, S.L. a presen\u00e7a de \u201clinks\u201d ou liga\u00e7\u00f5es web de Fertilizantes e Nutrientes Ecol\u00f3gicos, S.L. tem a finalidade meramente informativa e em nenhum dos casos sup\u00f5e sugest\u00e3o, convite ou recomenda\u00e7\u00e3o sobre os mesmos.<\/p>\n<p>&nbsp;<\/p>\n","protected":false},"excerpt":{"rendered":"<p>Em conformidade com o artigo 10 da Lei 34\/2002, de 11 de julho, de Servi\u00e7os da sociedade de informa\u00e7\u00e3o e &hellip; <a href=\"https:\/\/lifeolearegenera.com\/pt-pt\/aviso-legal\/\" class=\"more-link\">Continue reading <span class=\"screen-reader-text\">Aviso legal<\/span><\/a><\/p>\n","protected":false},"author":1,"featured_media":0,"parent":0,"menu_order":0,"comment_status":"closed","ping_status":"closed","template":"","meta":{"_acf_changed":false,"inline_featured_image":false,"footnotes":""},"class_list":["post-1439","page","type-page","status-publish","hentry"],"acf":[],"_links":{"self":[{"href":"https:\/\/lifeolearegenera.com\/pt-pt\/wp-json\/wp\/v2\/pages\/1439","targetHints":{"allow":["GET"]}}],"collection":[{"href":"https:\/\/lifeolearegenera.com\/pt-pt\/wp-json\/wp\/v2\/pages"}],"about":[{"href":"https:\/\/lifeolearegenera.com\/pt-pt\/wp-json\/wp\/v2\/types\/page"}],"author":[{"embeddable":true,"href":"https:\/\/lifeolearegenera.com\/pt-pt\/wp-json\/wp\/v2\/users\/1"}],"replies":[{"embeddable":true,"href":"https:\/\/lifeolearegenera.com\/pt-pt\/wp-json\/wp\/v2\/comments?post=1439"}],"version-history":[{"count":3,"href":"https:\/\/lifeolearegenera.com\/pt-pt\/wp-json\/wp\/v2\/pages\/1439\/revisions"}],"predecessor-version":[{"id":1739,"href":"https:\/\/lifeolearegenera.com\/pt-pt\/wp-json\/wp\/v2\/pages\/1439\/revisions\/1739"}],"wp:attachment":[{"href":"https:\/\/lifeolearegenera.com\/pt-pt\/wp-json\/wp\/v2\/media?parent=1439"}],"curies":[{"name":"wp","href":"https:\/\/api.w.org\/{rel}","templated":true}]}}