{"id":1437,"date":"2018-06-08T11:10:44","date_gmt":"2018-06-08T11:10:44","guid":{"rendered":"https:\/\/lifeolearegenera.com\/politica-de-privacidad\/"},"modified":"2019-04-01T06:27:44","modified_gmt":"2019-04-01T06:27:44","slug":"politica-de-privacidad","status":"publish","type":"page","link":"https:\/\/lifeolearegenera.com\/pt-pt\/politica-de-privacidad\/","title":{"rendered":"Pol\u00edtica de privacidad"},"content":{"rendered":"<p>Fertilizantes e Nutrientes Ecol\u00f3gicos, S.L., com sede em M\u00farcia, em C\/ Rio Duero, Nave 11, Pol\u00edgono Industrial el Saladar, Lorqu\u00ed. C.I.F.: B73870032, exp\u00f5e nesta sec\u00e7\u00e3o a pol\u00edtica de Privacidade, sobre a informa\u00e7\u00e3o de caracter pessoal ao que o usu\u00e1rio pode aceder quando visitar a nossa Web site. O objetivo \u00e9 proteger a informa\u00e7\u00e3o na Internet, do mesmo modo que \u00e9 protegida nos outros meios. A Pol\u00edtica de Privacidade de Fertilizantes y Nutrientes Ecol\u00f3gicos, S.L. esta\u0301 presidida pelo cumprimento da legisla\u00e7\u00e3o vigente em mat\u00e9ria de prote\u00e7\u00e3o de dados de caracter pessoal e a Lei de Servi\u00e7os da Sociedade da Informa\u00e7\u00e3o e Com\u00e9rcio Eletr\u00f3nico.<\/p>\n<h4>\n<p>1. USO E TRATAMENTO DE DADOS DE CARATER PESSOAL<\/h4>\n<p>Em cumprimento do estabelecido nas ( e posterior\u00a0 LOPD), Fertilizantes y Nutrientes Ecol\u00f3gicos, S.L. informa que os dados de caracter pessoal proporcionados, assim como aqueles dados a que Fertilizantes y Nutrientes Ecol\u00f3gicos, S.L. acedam como consequ\u00eancia da sua navega\u00e7\u00e3o, ser\u00e3o incorporados nos ficheiros da entidade. Em cumprimento da Lei 34\/2002, de 11 de junho, de Servi\u00e7os da Sociedade da Informa\u00e7\u00e3o e de Com\u00e9rcio Eletr\u00f3nico, (e posterior LSSICE) Fertilizantes y Nutrientes Ecol\u00f3gicos, S.L. n\u00e3o enviara\u0301 por correio eletr\u00f3nico comunica\u00e7\u00f5es publicit\u00e1rias que n\u00e3o tenham sido autorizadas por os usu\u00e1rios e identificara\u0301 mediante a palavra \u201cpublicidade\u201d aqueles correios ou Newsletters que contenham comunica\u00e7\u00f5es comerciais ou promo\u00e7\u00f5es, exclusivamente. Por outra parte, mediante o registro dos dados, o usu\u00e1rio autoriza com o seu consentimento ao tratamento dos mesmos com as finalidades assinaladas. Naqueles casos onde seja necess\u00e1rio preencher um formul\u00e1rio e clicar no bot\u00e3o de enviar, a sua realiza\u00e7\u00e3o implicara\u0301 necessariamente que foi informado (em virtude do artigo 5 LOPD) e, no seu caso, aceitando o correspondente consentimento (de acordo com o artigo 6 LOPD) ao conte\u00fado da presente politica de privacidade. Assim, sempre que Fertilizantes y Nutrientes Ecol\u00f3gicos, S.L. solicite dados de car\u00e1ter pessoal, incluir\u00e1\u0301 uma liga\u00e7\u00e3o (\u201clink\u201d) vinculado a presente Politica com o prop\u00f3sito de fazer participa\u00e7\u00e3o dos seus direitos e obriga\u00e7\u00f5es estabelecidos na LOPD y LSSICE.<\/p>\n<p>&nbsp;<\/p>\n<h4>2. EXERC\u00cdCIO DE DIREITOS: ACESSO, RETIFICA\u00c7\u00c3O, CANCELAMENTO E OPOSI\u00c7\u00c3O<\/h4>\n<p>Aquelas pessoas f\u00edsicas que tenham facilitado os seus dados a Fertilizantes y Nutrientes Ecol\u00f3gicos, S.L. poder\u00e3o dirigir-se \u00e0 entidade, na qualidade de respons\u00e1vel do ficheiro, com o fim de poder exercitar gratuitamente os seus direitos de acesso, retifica\u00e7\u00e3o, cancelamento e oposi\u00e7\u00e3o respeito os dados incorporados nos seus ficheiros. Dado o car\u00e1cter confidencial da informa\u00e7\u00e3o, o usu\u00e1rio n\u00e3o poder\u00e1\u0301 exercitar os seus direitos telefonicamente, devido uma vez que este meio n\u00e3o permite acreditar a identidade como titular dos dados registrados. O interessado poder\u00e1\u0301 exercitar os seus direitos mediante comunica\u00e7\u00e3o por escrito dirigido a Fertilizantes y Nutrientes Ecol\u00f3gicos, S.L., para a seguinte dire\u00e7\u00e3o C\/ Rio Duero, Nave 11, Pol\u00edgono Industrial el Saladar, Lorqu\u00ed, Murcia. com a seguinte refer\u00eancia na carta: \u201cExerc\u00edcio de direitos\u201d (junto \u00e0 solicita\u00e7\u00e3o escrita e assinada, devera\u0301 acreditar a sua personalidade aportando fotocopia da sua identidade.<\/p>\n<h4>\n3. MENORES DE IDADE<\/h4>\n<p>A presente pa\u0301gina web n\u00e3o se dirige a menores de idade. N\u00e3o obstante, Fertilizantes y Nutrientes Ecol\u00f3gicos, S.L. exime-se de qualquer responsabilidade no incumprimento deste requisito.<\/p>\n<h4>\n<p>4. MODIFICA\u00c7\u00c3O DA POLI\u0301TICA DE PRIVACIDADE<\/h4>\n<p>Fertilizantes Y Nutrientes Ecol\u00f3gicos, S.L. reserva-se no direito de modificar a sua pol\u00edtica de Privacidade, de acordo com o seu pr\u00f3prio crit\u00e9rio, ou motivado por uma altera\u00e7\u00e3o doutrinal da Ag\u00eancia Espanhola de Prote\u00e7\u00e3o de Dados, legislativo ou jurisprudencial. Qualquer modifica\u00e7\u00e3o da pol\u00edtica de Privacidade ser\u00e1\u0301 publicada pelo menos dez dias antes da sua efetiva aplica\u00e7\u00e3o. O uso da Web depois das ditas altera\u00e7\u00f5es, implicara\u0301 a aceita\u00e7\u00e3o destes.<\/p>\n<p>&nbsp;<\/p>\n","protected":false},"excerpt":{"rendered":"<p>Fertilizantes e Nutrientes Ecol\u00f3gicos, S.L., com sede em M\u00farcia, em C\/ Rio Duero, Nave 11, Pol\u00edgono Industrial el Saladar, Lorqu\u00ed. &hellip; <a href=\"https:\/\/lifeolearegenera.com\/pt-pt\/politica-de-privacidad\/\" class=\"more-link\">Continue reading <span class=\"screen-reader-text\">Pol\u00edtica de privacidad<\/span><\/a><\/p>\n","protected":false},"author":1,"featured_media":0,"parent":0,"menu_order":0,"comment_status":"closed","ping_status":"closed","template":"page-full-width.php","meta":{"_acf_changed":false,"inline_featured_image":false,"footnotes":""},"class_list":["post-1437","page","type-page","status-publish","hentry"],"acf":[],"_links":{"self":[{"href":"https:\/\/lifeolearegenera.com\/pt-pt\/wp-json\/wp\/v2\/pages\/1437","targetHints":{"allow":["GET"]}}],"collection":[{"href":"https:\/\/lifeolearegenera.com\/pt-pt\/wp-json\/wp\/v2\/pages"}],"about":[{"href":"https:\/\/lifeolearegenera.com\/pt-pt\/wp-json\/wp\/v2\/types\/page"}],"author":[{"embeddable":true,"href":"https:\/\/lifeolearegenera.com\/pt-pt\/wp-json\/wp\/v2\/users\/1"}],"replies":[{"embeddable":true,"href":"https:\/\/lifeolearegenera.com\/pt-pt\/wp-json\/wp\/v2\/comments?post=1437"}],"version-history":[{"count":3,"href":"https:\/\/lifeolearegenera.com\/pt-pt\/wp-json\/wp\/v2\/pages\/1437\/revisions"}],"predecessor-version":[{"id":1741,"href":"https:\/\/lifeolearegenera.com\/pt-pt\/wp-json\/wp\/v2\/pages\/1437\/revisions\/1741"}],"wp:attachment":[{"href":"https:\/\/lifeolearegenera.com\/pt-pt\/wp-json\/wp\/v2\/media?parent=1437"}],"curies":[{"name":"wp","href":"https:\/\/api.w.org\/{rel}","templated":true}]}}