{"id":1432,"date":"2018-10-17T10:55:12","date_gmt":"2018-10-17T10:55:12","guid":{"rendered":"https:\/\/lifeolearegenera.com\/el-proyecto\/"},"modified":"2019-11-07T08:26:15","modified_gmt":"2019-11-07T08:26:15","slug":"o-projeto","status":"publish","type":"page","link":"https:\/\/lifeolearegenera.com\/pt-pt\/o-projeto\/","title":{"rendered":"O PROJETO"},"content":{"rendered":"<h2>LIFE OLEA REGENERA<\/h2>\n<h4>(LIFE17 ENV\/ES\/000189)<\/h4>\n<h3><strong>AVALIA\u00c7\u00c3O DO RES\u00cdDUO GERADO NO PROCESSO DE EXTRAC\u00c7\u00c3O DO AZEITE:<\/strong><\/h3>\n<p>O projeto intitulado de \u201cValoriza\u00e7\u00e3o do res\u00edduo produzido durante o processo de extra\u00e7\u00e3o de azeite\u201d, cujo o acr\u00f3nimo \u00e9 LIFE OLEA REGENERA, foi criado para desenvolver um novo processo focado nos lagares, com o qual se produzir\u00e1 uma valoriza\u00e7\u00e3o do res\u00edduo produzido na extra\u00e7\u00e3o de azeite. Atualmente, o baga\u00e7o ou res\u00edduo produzido no processo de obten\u00e7\u00e3o de azeite \u00e9 um grande problema pela alta contamina\u00e7\u00e3o que se sup\u00f5e o seu tratamento nas unidades de transforma\u00e7\u00e3o de baga\u00e7o. O baga\u00e7o produzido durante a extra\u00e7\u00e3o de aceite \u00e9 enviado \u00e0s unidades de tratamento de baga\u00e7o para obten\u00e7\u00e3o de azeite de baga\u00e7o (de pior qualidade do que o azeite virgem), este tipo de azeite que se obt\u00e9m mediantes processos qu\u00edmicos promove uma grande emiss\u00e3o de part\u00edculas e gases para a atmosfera.<\/p>\n","protected":false},"excerpt":{"rendered":"<p>LIFE OLEA REGENERA (LIFE17 ENV\/ES\/000189) AVALIA\u00c7\u00c3O DO RES\u00cdDUO GERADO NO PROCESSO DE EXTRAC\u00c7\u00c3O DO AZEITE: O projeto intitulado de \u201cValoriza\u00e7\u00e3o &hellip; <a href=\"https:\/\/lifeolearegenera.com\/pt-pt\/o-projeto\/\" class=\"more-link\">Continue reading <span class=\"screen-reader-text\">O PROJETO<\/span><\/a><\/p>\n","protected":false},"author":1,"featured_media":1171,"parent":0,"menu_order":0,"comment_status":"closed","ping_status":"closed","template":"page-el-proyecto.php","meta":{"_acf_changed":false,"inline_featured_image":false,"footnotes":""},"class_list":["post-1432","page","type-page","status-publish","has-post-thumbnail","hentry"],"acf":[],"_links":{"self":[{"href":"https:\/\/lifeolearegenera.com\/pt-pt\/wp-json\/wp\/v2\/pages\/1432","targetHints":{"allow":["GET"]}}],"collection":[{"href":"https:\/\/lifeolearegenera.com\/pt-pt\/wp-json\/wp\/v2\/pages"}],"about":[{"href":"https:\/\/lifeolearegenera.com\/pt-pt\/wp-json\/wp\/v2\/types\/page"}],"author":[{"embeddable":true,"href":"https:\/\/lifeolearegenera.com\/pt-pt\/wp-json\/wp\/v2\/users\/1"}],"replies":[{"embeddable":true,"href":"https:\/\/lifeolearegenera.com\/pt-pt\/wp-json\/wp\/v2\/comments?post=1432"}],"version-history":[{"count":4,"href":"https:\/\/lifeolearegenera.com\/pt-pt\/wp-json\/wp\/v2\/pages\/1432\/revisions"}],"predecessor-version":[{"id":2067,"href":"https:\/\/lifeolearegenera.com\/pt-pt\/wp-json\/wp\/v2\/pages\/1432\/revisions\/2067"}],"wp:featuredmedia":[{"embeddable":true,"href":"https:\/\/lifeolearegenera.com\/pt-pt\/wp-json\/wp\/v2\/media\/1171"}],"wp:attachment":[{"href":"https:\/\/lifeolearegenera.com\/pt-pt\/wp-json\/wp\/v2\/media?parent=1432"}],"curies":[{"name":"wp","href":"https:\/\/api.w.org\/{rel}","templated":true}]}}