{"id":1430,"date":"2018-10-19T09:07:37","date_gmt":"2018-10-19T09:07:37","guid":{"rendered":"https:\/\/lifeolearegenera.com\/politica-de-cookies\/"},"modified":"2019-04-01T06:30:39","modified_gmt":"2019-04-01T06:30:39","slug":"politica-de-cookies","status":"publish","type":"page","link":"https:\/\/lifeolearegenera.com\/pt-pt\/politica-de-cookies\/","title":{"rendered":"Pol\u00edtica de cookies"},"content":{"rendered":"<p>Em cumprimento com o dispositivo do artigo 22.2 da lei 34\/2002, de 11 de junho, de Servi\u00e7os da Sociedade da Informa\u00e7\u00e3o e do Com\u00e9rcio Eletr\u00f3nico, esta p\u00e1gina web informa, nesta sec\u00e7\u00e3o, sobre a\u00a0<strong>pol\u00edtica de recolha e tratamento de cookies<\/strong>.<\/p>\n<p>&nbsp;<\/p>\n<h4>O que \u00e9 um cookie?<\/h4>\n<p>O Cookie consiste num ficheiro que \u00e9 importado para o seu computador ou para outro dispositivo quando acede a determinadas p\u00e1ginas web que recolhem informa\u00e7\u00f5es acerca da sua navega\u00e7\u00e3o nas referidas p\u00e1ginas web.<\/p>\n<p>Os cookies permitem a uma p\u00e1gina web, entre outras coisas, armazenar recuperar informa\u00e7\u00f5es acerca dos h\u00e1bitos de navega\u00e7\u00e3o de um utilizador ou do seu equipamento, entre outros e, consoante a informa\u00e7\u00e3o que contenham e a forma como utiliza o seu equipamento, podem ser usados para reconhecer o utilizador.<\/p>\n<p>&nbsp;<\/p>\n<h4>Que tipos de cookies utiliza esta p\u00e1gina?<\/h4>\n<p>Esta p\u00e1gina web utiliza os seguintes tipos de cookies:\u00a0<strong>Cookies de an\u00e1lises<\/strong>: S\u00e3o aquelas quem bem tratadas por n\u00f3s ou por terceiros, permitem-nos quantificar o n\u00famero de usu\u00e1rios e assim realizar a\u00a0medi\u00e7\u00e3o e an\u00e1lises estat\u00edstico da utiliza\u00e7\u00e3o que utilizam os usu\u00e1rios do\u00a0servi\u00e7o prestado. Para isso analisa-se a sua navega\u00e7\u00e3o na nossa p\u00e1gina web\u00a0com o fim de melhor a oferta de produtos ou servi\u00e7os que oferecemos.\u00a0<strong>Cookies t\u00e9cnicas<\/strong>: S\u00e3o aquelas que permitem ao usu\u00e1rio da navega\u00e7\u00e3o atrav\u00e9s de \u00e1rea restringida e a utiliza\u00e7\u00e3o das diferentes fun\u00e7\u00f5es, como por exemplo, comprar um artigo.\u00a0<strong>Cookies de personaliza\u00e7\u00e3o<\/strong>: S\u00e3o aqueles que permitem ao usu\u00e1rio aceder ao servi\u00e7o com algumas caracter\u00edsticas de car\u00e1cter geral predefinidas em fun\u00e7\u00e3o de uma s\u00e9rie de crit\u00e9rios no terminal do usu\u00e1rio, como por exemplo: seriam o idioma ou o tipo de navegador atrav\u00e9s do qual se liga ao servi\u00e7o.\u00a0<strong>Cookies Publicit\u00e1rias<\/strong>: S\u00e3o aquelas que, bem tratadas por esta web\u00a0ou por\u00a0terceiros, permitem gerir da forma mais eficaz poss\u00edvel a oferta dos espa\u00e7os publicit\u00e1rios que existem na p\u00e1gina web, adequando o conte\u00fado\u00a0do an\u00fancio ao conte\u00fado do servi\u00e7o solicitado ou ao uso que realize da nossa p\u00e1gina web. Para isso podemos analisar os seus h\u00e1bitos de navega\u00e7\u00e3o em Internet e podemos mostrar-lhe publicidade relacionada com o seu perfil de navega\u00e7\u00e3o.\u00a0<strong>Cookies de Publicidade comportamental<\/strong>: S\u00e3o aquelas que permitem a gest\u00e3o, da forma mais eficaz poss\u00edvel, dos espa\u00e7os publicit\u00e1rios que, no seu caso, o editor tenha inclu\u00eddo na p\u00e1gina web, aplica\u00e7\u00e3o ou plataforma desde que preste o servi\u00e7o solicitado. Este tipo de cookies armazena informa\u00e7\u00e3o do comportamento dos visitantes\u00a0obtida atrav\u00e9s da observa\u00e7\u00e3o continua dos seus h\u00e1bitos navega\u00e7\u00e3o, o que permite desenvolver um perfil espec\u00edfico para mostrar avisos publicit\u00e1rios\u00a0em fun\u00e7\u00e3o do mesmo.<\/p>\n<p>&nbsp;<\/p>\n<h4>Desativar os cookies<\/h4>\n<p>Pode voc\u00ea\u00a0<strong>permitir, bloquear ou eliminar os cookies<\/strong>\u00a0instalados no seu equipamento\u00a0mediante a configura\u00e7\u00e3o das op\u00e7\u00f5es do navegador instalado no seu computador. A maioria dos navegadores web \u00e9 disponibilizada a possibilidade, bloquear ou eliminar os cookies instalados no seu equipamento. A continua\u00e7\u00e3o pode aceder \u00e0 configura\u00e7\u00e3o dos navegadores webs mais frequentes para aceitar, instalar o desativar os cookies:\u00a0<a href=\"https:\/\/support.google.com\/chrome\/answer\/95647?hl=es\">Configurar cookies em Google Chrome<\/a>;\u00a0<a href=\"http:\/\/windows.microsoft.com\/es-es\/windows7\/how-to-manage-cookies-in-internet-explorer-9\">Configurar cookies em Microsoft Internet Explorer<\/a>;\u00a0<a href=\"https:\/\/support.mozilla.org\/es\/kb\/habilitar-y-deshabilitar-cookies-sitios-web-rastrear-preferencias?redirectlocale=es&amp;redirectslug=habilitar-y-deshabilitar-cookies-que-los-sitios-we\">Configurar cookies em Mozilla Firefox<\/a>;\u00a0<a href=\"https:\/\/support.apple.com\/es-es\/HT201265\">Configurar cookies em Safari (Apple)<\/a>.<\/p>\n<p>&nbsp;<\/p>\n<h4>Cookies de terceiros<\/h4>\n<p>Esta p\u00e1gina web utiliza\u00a0servi\u00e7os de terceiros para recompilar informa\u00e7\u00e3o com fins estat\u00edsticos e de uso da web. S\u00e3o usados cookies de DoubleClick para melhorar a publicidade que se inclui na web. S\u00e3o utilizadas para orientar a publicidade segundo o conte\u00fado que \u00e9 relevante para um usu\u00e1rio, melhorando assim a qualidade de experi\u00eancia no uso do mesmo. Em concreto, usamos os servi\u00e7os de Google Adsense e de Google Analytics para amostras estat\u00edsticas e publicidade. Algumas cookies s\u00e3o essenciais para o funcionamento do site, por exemplo a procura incorporada. O nosso site inclui outras funcionalidades proporcionadas por terceiros. Voc\u00ea pode facilmente partilhar o conte\u00fado em redes sociais como Facebook, Twitter o Google +, com os bot\u00f5es que adicionamos para esse efeito.<\/p>\n<p>&nbsp;<\/p>\n<h4><strong>Advert\u00eancia sobre eliminar cookies<\/strong><\/h4>\n<p>O utilizador pode eliminar e bloquear todas os cookies deste site, mas parte do site n\u00e3o funcionar\u00e1 ou a qualidade da p\u00e1gina web pode ver-se afetada. Si tem qualquer d\u00favida acerca da nossa pol\u00edtica de cookies, pode contactar com esta p\u00e1gina web atrav\u00e9s dos nossos canais de Contacto.<\/p>\n","protected":false},"excerpt":{"rendered":"<p>Em cumprimento com o dispositivo do artigo 22.2 da lei 34\/2002, de 11 de junho, de Servi\u00e7os da Sociedade da &hellip; <a href=\"https:\/\/lifeolearegenera.com\/pt-pt\/politica-de-cookies\/\" class=\"more-link\">Continue reading <span class=\"screen-reader-text\">Pol\u00edtica de cookies<\/span><\/a><\/p>\n","protected":false},"author":1,"featured_media":0,"parent":0,"menu_order":0,"comment_status":"closed","ping_status":"closed","template":"","meta":{"_acf_changed":false,"inline_featured_image":false,"footnotes":""},"class_list":["post-1430","page","type-page","status-publish","hentry"],"acf":[],"_links":{"self":[{"href":"https:\/\/lifeolearegenera.com\/pt-pt\/wp-json\/wp\/v2\/pages\/1430","targetHints":{"allow":["GET"]}}],"collection":[{"href":"https:\/\/lifeolearegenera.com\/pt-pt\/wp-json\/wp\/v2\/pages"}],"about":[{"href":"https:\/\/lifeolearegenera.com\/pt-pt\/wp-json\/wp\/v2\/types\/page"}],"author":[{"embeddable":true,"href":"https:\/\/lifeolearegenera.com\/pt-pt\/wp-json\/wp\/v2\/users\/1"}],"replies":[{"embeddable":true,"href":"https:\/\/lifeolearegenera.com\/pt-pt\/wp-json\/wp\/v2\/comments?post=1430"}],"version-history":[{"count":3,"href":"https:\/\/lifeolearegenera.com\/pt-pt\/wp-json\/wp\/v2\/pages\/1430\/revisions"}],"predecessor-version":[{"id":1743,"href":"https:\/\/lifeolearegenera.com\/pt-pt\/wp-json\/wp\/v2\/pages\/1430\/revisions\/1743"}],"wp:attachment":[{"href":"https:\/\/lifeolearegenera.com\/pt-pt\/wp-json\/wp\/v2\/media?parent=1430"}],"curies":[{"name":"wp","href":"https:\/\/api.w.org\/{rel}","templated":true}]}}