{"id":1425,"date":"2019-02-07T08:06:37","date_gmt":"2019-02-07T08:06:37","guid":{"rendered":"https:\/\/lifeolearegenera.com\/resultados\/"},"modified":"2023-05-02T11:05:11","modified_gmt":"2023-05-02T11:05:11","slug":"resultados","status":"publish","type":"page","link":"https:\/\/lifeolearegenera.com\/pt-pt\/resultados\/","title":{"rendered":"Resultados obtidos"},"content":{"rendered":"<h2>RESULTADOS OBTIDOS<\/h2>\n<p>Os resultados obtidos na execu\u00e7\u00e3o do LIFE OLEA REGENERA permitem concluir os benef\u00edcios que este projecto trar\u00e1 tanto para o ambiente como para os sectores envolvidos. Os resultados alcan\u00e7ados s\u00e3o:<\/p>\n","protected":false},"excerpt":{"rendered":"<p>RESULTADOS OBTIDOS Os resultados obtidos na execu\u00e7\u00e3o do LIFE OLEA REGENERA permitem concluir os benef\u00edcios que este projecto trar\u00e1 tanto &hellip; <a href=\"https:\/\/lifeolearegenera.com\/pt-pt\/resultados\/\" class=\"more-link\">Continue reading <span class=\"screen-reader-text\">Resultados obtidos<\/span><\/a><\/p>\n","protected":false},"author":1,"featured_media":1254,"parent":0,"menu_order":0,"comment_status":"closed","ping_status":"closed","template":"","meta":{"_acf_changed":false,"inline_featured_image":false,"footnotes":""},"class_list":["post-1425","page","type-page","status-publish","has-post-thumbnail","hentry"],"acf":[],"_links":{"self":[{"href":"https:\/\/lifeolearegenera.com\/pt-pt\/wp-json\/wp\/v2\/pages\/1425","targetHints":{"allow":["GET"]}}],"collection":[{"href":"https:\/\/lifeolearegenera.com\/pt-pt\/wp-json\/wp\/v2\/pages"}],"about":[{"href":"https:\/\/lifeolearegenera.com\/pt-pt\/wp-json\/wp\/v2\/types\/page"}],"author":[{"embeddable":true,"href":"https:\/\/lifeolearegenera.com\/pt-pt\/wp-json\/wp\/v2\/users\/1"}],"replies":[{"embeddable":true,"href":"https:\/\/lifeolearegenera.com\/pt-pt\/wp-json\/wp\/v2\/comments?post=1425"}],"version-history":[{"count":16,"href":"https:\/\/lifeolearegenera.com\/pt-pt\/wp-json\/wp\/v2\/pages\/1425\/revisions"}],"predecessor-version":[{"id":24573,"href":"https:\/\/lifeolearegenera.com\/pt-pt\/wp-json\/wp\/v2\/pages\/1425\/revisions\/24573"}],"wp:featuredmedia":[{"embeddable":true,"href":"https:\/\/lifeolearegenera.com\/pt-pt\/wp-json\/wp\/v2\/media\/1254"}],"wp:attachment":[{"href":"https:\/\/lifeolearegenera.com\/pt-pt\/wp-json\/wp\/v2\/media?parent=1425"}],"curies":[{"name":"wp","href":"https:\/\/api.w.org\/{rel}","templated":true}]}}