{"id":1422,"date":"2019-02-07T08:07:12","date_gmt":"2019-02-07T08:07:12","guid":{"rendered":"https:\/\/lifeolearegenera.com\/links-y-networking\/"},"modified":"2023-04-29T11:28:30","modified_gmt":"2023-04-29T11:28:30","slug":"links-y-networking","status":"publish","type":"page","link":"https:\/\/lifeolearegenera.com\/pt-pt\/links-y-networking\/","title":{"rendered":"Links y networking"},"content":{"rendered":"<p><a href=\"http:\/\/www.cebas.csic.es\/\" class=\"button\">CEBAS-CSIC<\/a><\/p>\n<p><a href=\"http:\/\/energosenergia.com\/orujofrio.html\" class=\"button\">ORUJO FR\u00cdO<\/a><\/p>\n<p><a href=\"https:\/\/olivaisdosul.pt\/\" class=\"button\">OLIVAIS DO SUL<\/a><\/p>\n<p><a href=\"http:\/\/www.fyneco.es\/\" class=\"button\">FYNECO<\/a><\/p>\n<p><a href=\"https:\/\/ec.europa.eu\/easme\/en\/life\" class=\"button\">LIFE PROGRAMME<\/a><\/p>\n<h3 style=\"margin-top: 30px;\">Networking<\/h3>\n<p><a href=\"http:\/\/liferegrow.eu\/\" class=\"button\">LIFE REGROW<\/a><\/p>\n<p>O objetivo deste projeto \u00e9 recuperar um espa\u00e7o ocupado por piscinas de \u00e1gua abandonadas, aplicando in situ diferentes estrat\u00e9gias biol\u00f3gicas (Biorremedia\u00e7\u00e3o, Fitorremedia\u00e7\u00e3o e compostagem) de forma a reduzir a contamina\u00e7\u00e3o, transformando a \u00e1rea numa infraestrutura verde multidisciplinar para educa\u00e7\u00e3o e forma\u00e7\u00e3o.<\/p>\n<p><a href=\"https:\/\/www.algarbbelife.eu\/\" class=\"button\">LIFE ALGAR-BBE<\/a><\/p>\n<p>Desenvolvimento de novos bioestimulantes com efeito biocida a partir de microalgas e plantas arom\u00e1ticas para redu\u00e7\u00e3o do uso de agroqu\u00edmicos.<\/p>\n<p><a href=\"https:\/\/citruspack.eu\/\" class=\"button\">LIFE CITRUS PACK<\/a><\/p>\n<p>O objetivo do projeto \u00e9 demonstrar que a sustentabilidade e a efici\u00eancia podem ser aplicadas \u00e0s pr\u00e1ticas agr\u00edcolas e industriais por meio da pesquisa e potencializa\u00e7\u00e3o de subprodutos por meio de sua valoriza\u00e7\u00e3o em uma s\u00e9rie de novas cadeias de valor.<\/p>\n<p>Estes produtos secund\u00e1rios vegetais, cuja origem se baseia em processos de transforma\u00e7\u00e3o, ser\u00e3o utilizados como aditivos naturais para refor\u00e7ar embalagens e garrafas de pl\u00e1stico 100% biodegrad\u00e1vel.<\/p>\n<p><a href=\"https:\/\/www.cetaqua.com\/en\/life-cyclops-waste-reuse\/\" class=\"button\">LIFE CYCLOPS<\/a><\/p>\n<p>O projeto LIFE CYCLOPS visa demonstrar t\u00e9cnica e economicamente uma tecnologia sustent\u00e1vel para recuperar e valorizar polifen\u00f3is de res\u00edduos da ind\u00fastria do azeite. Esta solu\u00e7\u00e3o oferece um modelo de economia circular e desperd\u00edcio zero para aproveitar esses excedentes e transform\u00e1-los em produtos de alto valor agregado para outras ind\u00fastrias.<\/p>\n<p>Al\u00e9m disso, o projeto n\u00e3o se concentrar\u00e1 apenas nos polifen\u00f3is, mas tamb\u00e9m na gest\u00e3o integral de res\u00edduos. Para al\u00e9m da reutiliza\u00e7\u00e3o destes subprodutos, procurar-se-\u00e1 produzir biog\u00e1s e digerido, material residual gerado a partir da digest\u00e3o anaer\u00f3bia, para utiliza\u00e7\u00e3o como composto na agricultura. Da mesma forma, ser\u00e1 realizada a transferibilidade da solu\u00e7\u00e3o LIFE CYCLOPS para a ind\u00fastria vitivin\u00edcola.<\/p>\n<p><a href=\"https:\/\/agroambient.gva.es\/es\/web\/life-tecmine\" class=\"button\">LIFE TECMINE<\/a><\/p>\n<p>O LIFE TECMINE pretende testar e avaliar a exequibilidade e adequa\u00e7\u00e3o de diferentes t\u00e9cnicas de restauro em zonas mineiras da zona mediterr\u00e2nica, numa perspetiva de sustentabilidade ambiental, t\u00e9cnica e social.<\/p>\n<p><a href=\"#\" class=\"button\">LIFE COMPOLIVE<\/a><\/p>\n<p>A revaloriza\u00e7\u00e3o dos res\u00edduos da poda ou outros subprodutos afins da ind\u00fastria do azeite em novos bioprodutos como os biocomp\u00f3sitos para novos setores (autom\u00f3vel e mobili\u00e1rio, tanto dom\u00e9stico como urbano), seguindo uma estrat\u00e9gia de economia circular, representa um duplo benef\u00edcio em termos de efeitos ambientais.<\/p>\n<p><a href=\"https:\/\/citoliva.es\/life-solieva\/\" class=\"button\">LIFE SOLIEVA<\/a><\/p>\n<p>Economia circular aplicada ao tratamento de salmouras de azeitona de mesa por evapora\u00e7\u00e3o solar.<\/p>\n<p>O projeto LIFE SOLIEVA visa responder aos desafios ambientais do setor da azeitona de mesa no tratamento da sua \u00e1gua de processo e atualizar a legisla\u00e7\u00e3o ambiental relacionada com a utiliza\u00e7\u00e3o da \u00e1gua. Nesse sentido, o projeto tem como foco demonstrar a viabilidade t\u00e9cnica, ambiental e econ\u00f4mica da tecnologia de recupera\u00e7\u00e3o de compostos org\u00e2nicos (OCR) baseada em filtra\u00e7\u00e3o por membrana, concentrador a v\u00e1cuo e secagem por spray, combinada com evapora\u00e7\u00e3o solar avan\u00e7ada (ASE).<\/p>\n<p><a href=\"https:\/\/www.mewlife.eu\/\" class=\"button\">MEWLIFE<\/a><\/p>\n<p>MEWLIFE \u00e9 um projeto LIFE que visa demonstrar o benef\u00edcio ambiental e a viabilidade econ\u00f3mica de uma abordagem inovadora para a produ\u00e7\u00e3o de biomassa de microalgas num sistema de cultura integrado fototr\u00f3fico-heterotr\u00f3fico utilizando \u00e1guas residuais pr\u00e9-concentradas de azeite (numa instala\u00e7\u00e3o de filtra\u00e7\u00e3o por membrana) como fonte de carbono para o cultivo de algas, contribuindo assim para a reutiliza\u00e7\u00e3o e valoriza\u00e7\u00e3o de res\u00edduos.<\/p>\n<p>O projeto MEWLIFE visa demonstrar os benef\u00edcios ambientais e a viabilidade econ\u00f4mica de um sistema inovador de cultivo de biomassa de algas.<\/p>\n<p>Em particular, as \u00e1guas residuais da produ\u00e7\u00e3o de azeite s\u00e3o reutilizadas como fonte de carbono para o crescimento de microalgas e assim valorizadas.<\/p>\n<p>O amido e os carotenoides acumulados na biomassa das algas ser\u00e3o extra\u00eddos e testados para a produ\u00e7\u00e3o de biopol\u00edmeros e sua aplica\u00e7\u00e3o em nutrac\u00eauticos.<\/p>\n<p>A replicabilidade do processo tamb\u00e9m ser\u00e1 testada com outro subproduto da ind\u00fastria agroalimentar: o soro de leite.<\/p>\n<p><a href=\"https:\/\/www.idies-murcia.es\/\" class=\"button\">IDIES<\/a><\/p>\n<p>\u00c9 um projeto educacional de inicia\u00e7\u00e3o \u00e0 pesquisa que teve in\u00edcio em 2014 no CEBAS-CSIC. O principal objetivo deste projeto \u00e9 dar a conhecer aos alunos do primeiro ano do Bacharelato, nas suas modalidades Investiga\u00e7\u00e3o e MARES, o que \u00e9 e como se pratica a investiga\u00e7\u00e3o, tornando-os participantes e colaboradores em projetos dirigidos por investigadores de reconhecido prest\u00edgio nacional e internacional.<\/p>\n","protected":false},"excerpt":{"rendered":"<p>Networking O objetivo deste projeto \u00e9 recuperar um espa\u00e7o ocupado por piscinas de \u00e1gua abandonadas, aplicando in situ diferentes estrat\u00e9gias &hellip; <a href=\"https:\/\/lifeolearegenera.com\/pt-pt\/links-y-networking\/\" class=\"more-link\">Continue reading <span class=\"screen-reader-text\">Links y networking<\/span><\/a><\/p>\n","protected":false},"author":1,"featured_media":0,"parent":0,"menu_order":0,"comment_status":"closed","ping_status":"closed","template":"","meta":{"_acf_changed":false,"inline_featured_image":false,"footnotes":""},"class_list":["post-1422","page","type-page","status-publish","hentry"],"acf":[],"_links":{"self":[{"href":"https:\/\/lifeolearegenera.com\/pt-pt\/wp-json\/wp\/v2\/pages\/1422","targetHints":{"allow":["GET"]}}],"collection":[{"href":"https:\/\/lifeolearegenera.com\/pt-pt\/wp-json\/wp\/v2\/pages"}],"about":[{"href":"https:\/\/lifeolearegenera.com\/pt-pt\/wp-json\/wp\/v2\/types\/page"}],"author":[{"embeddable":true,"href":"https:\/\/lifeolearegenera.com\/pt-pt\/wp-json\/wp\/v2\/users\/1"}],"replies":[{"embeddable":true,"href":"https:\/\/lifeolearegenera.com\/pt-pt\/wp-json\/wp\/v2\/comments?post=1422"}],"version-history":[{"count":8,"href":"https:\/\/lifeolearegenera.com\/pt-pt\/wp-json\/wp\/v2\/pages\/1422\/revisions"}],"predecessor-version":[{"id":24273,"href":"https:\/\/lifeolearegenera.com\/pt-pt\/wp-json\/wp\/v2\/pages\/1422\/revisions\/24273"}],"wp:attachment":[{"href":"https:\/\/lifeolearegenera.com\/pt-pt\/wp-json\/wp\/v2\/media?parent=1422"}],"curies":[{"name":"wp","href":"https:\/\/api.w.org\/{rel}","templated":true}]}}