{"id":1418,"date":"2019-02-07T08:07:43","date_gmt":"2019-02-07T08:07:43","guid":{"rendered":"https:\/\/lifeolearegenera.com\/acciones\/"},"modified":"2019-03-12T09:34:59","modified_gmt":"2019-03-12T09:34:59","slug":"acciones","status":"publish","type":"page","link":"https:\/\/lifeolearegenera.com\/pt-pt\/acciones\/","title":{"rendered":"A\u00e7\u00f5es"},"content":{"rendered":"<h2>A\u00c7\u00d5ES A SEREM REALIZADAS<\/h2>\n<h3>PARA REALIZAR O PROJECTO, UMA S\u00c9RIE DE AC\u00c7\u00d5ES A REALIZAR FOI REALIZADA:<\/h3>\n<p>O principal objetivo do projeto \u00e9 valorizar os res\u00edduos advindos da extra\u00e7\u00e3o do azeite, valorizando-o tornando-se mat\u00e9ria-prima para outros produtos org\u00e2nicos e reduzindo a desconfian\u00e7a causada por esses res\u00edduos na sociedade, devido ao seu alto poder poluidor.<\/p>\n","protected":false},"excerpt":{"rendered":"<p>A\u00c7\u00d5ES A SEREM REALIZADAS PARA REALIZAR O PROJECTO, UMA S\u00c9RIE DE AC\u00c7\u00d5ES A REALIZAR FOI REALIZADA: O principal objetivo do &hellip; <a href=\"https:\/\/lifeolearegenera.com\/pt-pt\/acciones\/\" class=\"more-link\">Continue reading <span class=\"screen-reader-text\">A\u00e7\u00f5es<\/span><\/a><\/p>\n","protected":false},"author":1,"featured_media":1207,"parent":0,"menu_order":0,"comment_status":"closed","ping_status":"closed","template":"","meta":{"_acf_changed":false,"inline_featured_image":false,"footnotes":""},"class_list":["post-1418","page","type-page","status-publish","has-post-thumbnail","hentry"],"acf":[],"_links":{"self":[{"href":"https:\/\/lifeolearegenera.com\/pt-pt\/wp-json\/wp\/v2\/pages\/1418","targetHints":{"allow":["GET"]}}],"collection":[{"href":"https:\/\/lifeolearegenera.com\/pt-pt\/wp-json\/wp\/v2\/pages"}],"about":[{"href":"https:\/\/lifeolearegenera.com\/pt-pt\/wp-json\/wp\/v2\/types\/page"}],"author":[{"embeddable":true,"href":"https:\/\/lifeolearegenera.com\/pt-pt\/wp-json\/wp\/v2\/users\/1"}],"replies":[{"embeddable":true,"href":"https:\/\/lifeolearegenera.com\/pt-pt\/wp-json\/wp\/v2\/comments?post=1418"}],"version-history":[{"count":3,"href":"https:\/\/lifeolearegenera.com\/pt-pt\/wp-json\/wp\/v2\/pages\/1418\/revisions"}],"predecessor-version":[{"id":1562,"href":"https:\/\/lifeolearegenera.com\/pt-pt\/wp-json\/wp\/v2\/pages\/1418\/revisions\/1562"}],"wp:featuredmedia":[{"embeddable":true,"href":"https:\/\/lifeolearegenera.com\/pt-pt\/wp-json\/wp\/v2\/media\/1207"}],"wp:attachment":[{"href":"https:\/\/lifeolearegenera.com\/pt-pt\/wp-json\/wp\/v2\/media?parent=1418"}],"curies":[{"name":"wp","href":"https:\/\/api.w.org\/{rel}","templated":true}]}}